{"id":7167,"date":"2023-02-14T16:41:56","date_gmt":"2023-02-14T15:41:56","guid":{"rendered":"http:\/\/consiliag.fr\/?page_id=7167"},"modified":"2023-02-20T23:09:07","modified_gmt":"2023-02-20T22:09:07","slug":"le-diagnostic-electricite","status":"publish","type":"page","link":"https:\/\/consiliag.fr\/index.php\/le-diagnostic-electricite\/","title":{"rendered":"Le diagnostic \u00e9lectricit\u00e9"},"content":{"rendered":"<section class=\"wpb-content-wrapper\"><p>[vc_row][vc_column width=\u00a0\u00bb1\/6&Prime;][vc_single_image image=\u00a0\u00bb7060&Prime; img_size=\u00a0\u00bb150X150&Prime; alignment=\u00a0\u00bbcenter\u00a0\u00bb parallax_scroll=\u00a0\u00bbno\u00a0\u00bb woodmart_inline=\u00a0\u00bbno\u00a0\u00bb][vc_empty_space woodmart_hide_large=\u00a0\u00bb0&Prime; woodmart_hide_medium=\u00a0\u00bb0&Prime; woodmart_hide_small=\u00a0\u00bb0&Prime;][\/vc_column][vc_column width=\u00a0\u00bb5\/6&Prime;][vc_empty_space woodmart_hide_large=\u00a0\u00bb0&Prime; woodmart_hide_medium=\u00a0\u00bb0&Prime; woodmart_hide_small=\u00a0\u00bb0&Prime;]\t\t\t<link rel=\"stylesheet\" id=\"wd-section-title-css\" href=\"https:\/\/consiliag.fr\/wp-content\/themes\/woodmart\/css\/parts\/el-section-title.min.css?ver=7.1.4\" type=\"text\/css\" media=\"all\" \/> \t\t\t\t\t\t<link rel=\"stylesheet\" id=\"wd-mod-highlighted-text-css\" href=\"https:\/\/consiliag.fr\/wp-content\/themes\/woodmart\/css\/parts\/mod-highlighted-text.min.css?ver=7.1.4\" type=\"text\/css\" media=\"all\" \/> \t\t\t\n\t\t<div id=\"wd-63eba9649fcd3\" class=\"title-wrapper wd-wpb set-mb-s reset-last-child  wd-rs-63eba9649fcd3 wd-title-color-default wd-title-style-simple text-center  wd-underline-colored\">\n\t\t\t\t\t\t\t<div class=\"title-subtitle  subtitle-color-default font-default subtitle-style-background wd-font-weight- wd-fontsize-xs\">Quelles sont les obligations du propri\u00e9taire lorsqu\u2019il souhaite mettre son bien en vente ?<\/div>\n\t\t\t\n\t\t\t<div class=\"liner-continer\">\n\t\t\t\t<h4 class=\"woodmart-title-container title  wd-font-weight- wd-fontsize-l\" >Le diagnostic \u00e9lectricit\u00e9<\/h4>\n\t\t\t\t\t\t\t<\/div>\n\t\t\t\n\t\t\t\n\t\t\t\n\t\t<\/div>\n\t\t\n\t\t[vc_empty_space woodmart_hide_large=\u00a0\u00bb0&Prime; woodmart_hide_medium=\u00a0\u00bb0&Prime; woodmart_hide_small=\u00a0\u00bb0&Prime;][\/vc_column][\/vc_row][vc_row][vc_column][vc_row_inner content_placement=\u00a0\u00bbmiddle\u00a0\u00bb gap=\u00a0\u00bb5&Prime; woodmart_css_id=\u00a0\u00bb63e57479ba16d\u00a0\u00bb responsive_spacing=\u00a0\u00bbeyJwYXJhbV90eXBlIjoid29vZG1hcnRfcmVzcG9uc2l2ZV9zcGFjaW5nIiwic2VsZWN0b3JfaWQiOiI2M2U1NzQ3OWJhMTZkIiwic2hvcnRjb2RlIjoidmNfcm93X2lubmVyIiwiZGF0YSI6eyJ0YWJsZXQiOnt9LCJtb2JpbGUiOnt9fX0=\u00a0\u00bb mobile_bg_img_hidden=\u00a0\u00bbno\u00a0\u00bb tablet_bg_img_hidden=\u00a0\u00bbno\u00a0\u00bb woodmart_parallax=\u00a0\u00bb0&Prime; woodmart_gradient_switch=\u00a0\u00bbno\u00a0\u00bb woodmart_box_shadow=\u00a0\u00bbno\u00a0\u00bb wd_z_index=\u00a0\u00bbno\u00a0\u00bb woodmart_disable_overflow=\u00a0\u00bb0&Prime; row_reverse_mobile=\u00a0\u00bb0&Prime; row_reverse_tablet=\u00a0\u00bb0&Prime;][vc_column_inner width=\u00a0\u00bb1\/2&Prime; woodmart_text_align=\u00a0\u00bbleft\u00a0\u00bb horizontal_alignment=\u00a0\u00bbeyJkZXZpY2VzIjp7ImRlc2t0b3AiOnsidmFsdWUiOiJjZW50ZXIifSwidGFibGV0Ijp7InZhbHVlIjoiIn0sIm1vYmlsZSI6eyJ2YWx1ZSI6IiJ9fX0=\u00a0\u00bb woodmart_css_id=\u00a0\u00bb63eba54fdae0a\u00a0\u00bb parallax_scroll=\u00a0\u00bbno\u00a0\u00bb woodmart_sticky_column=\u00a0\u00bbfalse\u00a0\u00bb wd_collapsible_content_switcher=\u00a0\u00bbno\u00a0\u00bb wd_column_role_offcanvas_desktop=\u00a0\u00bbno\u00a0\u00bb wd_column_role_offcanvas_tablet=\u00a0\u00bbno\u00a0\u00bb wd_column_role_offcanvas_mobile=\u00a0\u00bbno\u00a0\u00bb wd_column_role_content_desktop=\u00a0\u00bbno\u00a0\u00bb wd_column_role_content_tablet=\u00a0\u00bbno\u00a0\u00bb wd_column_role_content_mobile=\u00a0\u00bbno\u00a0\u00bb mobile_bg_img_hidden=\u00a0\u00bbno\u00a0\u00bb tablet_bg_img_hidden=\u00a0\u00bbno\u00a0\u00bb woodmart_parallax=\u00a0\u00bb0&Prime; woodmart_box_shadow=\u00a0\u00bbno\u00a0\u00bb responsive_spacing=\u00a0\u00bbeyJwYXJhbV90eXBlIjoid29vZG1hcnRfcmVzcG9uc2l2ZV9zcGFjaW5nIiwic2VsZWN0b3JfaWQiOiI2M2ViYTU0ZmRhZTBhIiwic2hvcnRjb2RlIjoidmNfY29sdW1uX2lubmVyIiwiZGF0YSI6eyJ0YWJsZXQiOnt9LCJtb2JpbGUiOnt9fX0=\u00a0\u00bb wd_z_index=\u00a0\u00bbno\u00a0\u00bb][vc_column_text woodmart_inline=\u00a0\u00bbno\u00a0\u00bb text_larger=\u00a0\u00bbno\u00a0\u00bb]<\/p>\n<h2>Pourquoi r\u00e9aliser un diagnostic \u00e9lectricit\u00e9 ?<\/h2>\n<ul>\n<li>Le diagnostic \u00e9lectrique ou l\u2019\u00e9tat de l\u2019installation int\u00e9rieure d\u2019\u00e9lectricit\u00e9, est un diagnostic qui permet d\u2019\u00e9valuer l\u2019\u00e9tat de l\u2019installation \u00e9lectrique afin de rep\u00e9rer les \u00e9ventuelles anomalies qui pourraient compromettre la s\u00e9curit\u00e9 des personnes et leurs biens.<\/li>\n<li>L\u2019\u00e9lectricit\u00e9 est la forme d\u2019\u00e9nergie la plus utilis\u00e9e parmi toutes les formes d\u2019\u00e9nergie.\u2028Elle est aussi dangereuse car elle est inodore, inaudible et invisible.<\/li>\n<\/ul>\n<h2>Quels sont les biens concern\u00e9s par le diagnostic \u00e9lectricit\u00e9 ?<\/h2>\n<ul>\n<li>Le diagnostic \u00e9lectrique concerne les logements \u00e0 usage d\u2019habitation dont l\u2019installation \u00e9lectrique a plus de 15 ans.<\/li>\n<li>Il intervient dans le cadre d\u2019une vente comme d\u2019une location.\u2028Il est \u00e0 r\u00e9aliser sur l\u2019ensemble de l\u2019installation \u00e9lectrique privative des locaux et leurs d\u00e9pendances.<\/li>\n<\/ul>\n<p>[\/vc_column_text][\/vc_column_inner][vc_column_inner width=\u00a0\u00bb1\/2&Prime; woodmart_text_align=\u00a0\u00bbcenter\u00a0\u00bb woodmart_css_id=\u00a0\u00bb63ebaac1214f2&Prime; parallax_scroll=\u00a0\u00bbno\u00a0\u00bb woodmart_sticky_column=\u00a0\u00bbfalse\u00a0\u00bb wd_collapsible_content_switcher=\u00a0\u00bbno\u00a0\u00bb wd_column_role_offcanvas_desktop=\u00a0\u00bbno\u00a0\u00bb wd_column_role_offcanvas_tablet=\u00a0\u00bbno\u00a0\u00bb wd_column_role_offcanvas_mobile=\u00a0\u00bbno\u00a0\u00bb wd_column_role_content_desktop=\u00a0\u00bbno\u00a0\u00bb wd_column_role_content_tablet=\u00a0\u00bbno\u00a0\u00bb wd_column_role_content_mobile=\u00a0\u00bbno\u00a0\u00bb mobile_bg_img_hidden=\u00a0\u00bbno\u00a0\u00bb tablet_bg_img_hidden=\u00a0\u00bbno\u00a0\u00bb woodmart_parallax=\u00a0\u00bb0&Prime; woodmart_box_shadow=\u00a0\u00bbno\u00a0\u00bb responsive_spacing=\u00a0\u00bbeyJwYXJhbV90eXBlIjoid29vZG1hcnRfcmVzcG9uc2l2ZV9zcGFjaW5nIiwic2VsZWN0b3JfaWQiOiI2M2ViYWFjMTIxNGYyIiwic2hvcnRjb2RlIjoidmNfY29sdW1uX2lubmVyIiwiZGF0YSI6eyJ0YWJsZXQiOnt9LCJtb2JpbGUiOnt9fX0=\u00a0\u00bb wd_z_index=\u00a0\u00bbno\u00a0\u00bb][vc_gallery type=\u00a0\u00bbimage_grid\u00a0\u00bb images=\u00a0\u00bb7168&Prime; img_size=\u00a0\u00bbfull\u00a0\u00bb][vc_empty_space][\/vc_column_inner][\/vc_row_inner][\/vc_column][\/vc_row][vc_row equal_height=\u00a0\u00bbyes\u00a0\u00bb woodmart_css_id=\u00a0\u00bb63eba7ab7a3d7&Prime; responsive_spacing=\u00a0\u00bbeyJwYXJhbV90eXBlIjoid29vZG1hcnRfcmVzcG9uc2l2ZV9zcGFjaW5nIiwic2VsZWN0b3JfaWQiOiI2M2ViYTdhYjdhM2Q3Iiwic2hvcnRjb2RlIjoidmNfcm93IiwiZGF0YSI6eyJ0YWJsZXQiOnt9LCJtb2JpbGUiOnt9fX0=\u00a0\u00bb mobile_bg_img_hidden=\u00a0\u00bbno\u00a0\u00bb tablet_bg_img_hidden=\u00a0\u00bbno\u00a0\u00bb woodmart_parallax=\u00a0\u00bb0&Prime; woodmart_gradient_switch=\u00a0\u00bbno\u00a0\u00bb woodmart_box_shadow=\u00a0\u00bbno\u00a0\u00bb wd_z_index=\u00a0\u00bbno\u00a0\u00bb woodmart_disable_overflow=\u00a0\u00bb0&Prime; row_reverse_mobile=\u00a0\u00bb0&Prime; row_reverse_tablet=\u00a0\u00bb0&Prime;][vc_column][vc_separator el_width=\u00a0\u00bb50&Prime; wd_hide_on_desktop=\u00a0\u00bbno\u00a0\u00bb wd_hide_on_tablet=\u00a0\u00bbno\u00a0\u00bb wd_hide_on_mobile=\u00a0\u00bbno\u00a0\u00bb][vc_row_inner content_placement=\u00a0\u00bbtop\u00a0\u00bb gap=\u00a0\u00bb5&Prime; woodmart_css_id=\u00a0\u00bb63eba7c8b26bb\u00a0\u00bb responsive_spacing=\u00a0\u00bbeyJwYXJhbV90eXBlIjoid29vZG1hcnRfcmVzcG9uc2l2ZV9zcGFjaW5nIiwic2VsZWN0b3JfaWQiOiI2M2ViYTdjOGIyNmJiIiwic2hvcnRjb2RlIjoidmNfcm93X2lubmVyIiwiZGF0YSI6eyJ0YWJsZXQiOnt9LCJtb2JpbGUiOnt9fX0=\u00a0\u00bb mobile_bg_img_hidden=\u00a0\u00bbno\u00a0\u00bb tablet_bg_img_hidden=\u00a0\u00bbno\u00a0\u00bb woodmart_parallax=\u00a0\u00bb0&Prime; woodmart_gradient_switch=\u00a0\u00bbno\u00a0\u00bb woodmart_box_shadow=\u00a0\u00bbno\u00a0\u00bb wd_z_index=\u00a0\u00bbno\u00a0\u00bb woodmart_disable_overflow=\u00a0\u00bb0&Prime; row_reverse_mobile=\u00a0\u00bb0&Prime; row_reverse_tablet=\u00a0\u00bb0&Prime;][vc_column_inner woodmart_text_align=\u00a0\u00bbleft\u00a0\u00bb woodmart_css_id=\u00a0\u00bb63eba7d0079e4&Prime; parallax_scroll=\u00a0\u00bbno\u00a0\u00bb woodmart_sticky_column=\u00a0\u00bbfalse\u00a0\u00bb wd_collapsible_content_switcher=\u00a0\u00bbno\u00a0\u00bb wd_column_role_offcanvas_desktop=\u00a0\u00bbno\u00a0\u00bb wd_column_role_offcanvas_tablet=\u00a0\u00bbno\u00a0\u00bb wd_column_role_offcanvas_mobile=\u00a0\u00bbno\u00a0\u00bb wd_column_role_content_desktop=\u00a0\u00bbno\u00a0\u00bb wd_column_role_content_tablet=\u00a0\u00bbno\u00a0\u00bb wd_column_role_content_mobile=\u00a0\u00bbno\u00a0\u00bb mobile_bg_img_hidden=\u00a0\u00bbno\u00a0\u00bb tablet_bg_img_hidden=\u00a0\u00bbno\u00a0\u00bb woodmart_parallax=\u00a0\u00bb0&Prime; woodmart_box_shadow=\u00a0\u00bbno\u00a0\u00bb responsive_spacing=\u00a0\u00bbeyJwYXJhbV90eXBlIjoid29vZG1hcnRfcmVzcG9uc2l2ZV9zcGFjaW5nIiwic2VsZWN0b3JfaWQiOiI2M2ViYTdkMDA3OWU0Iiwic2hvcnRjb2RlIjoidmNfY29sdW1uX2lubmVyIiwiZGF0YSI6eyJ0YWJsZXQiOnt9LCJtb2JpbGUiOnt9fX0=\u00a0\u00bb wd_z_index=\u00a0\u00bbno\u00a0\u00bb][vc_column_text woodmart_inline=\u00a0\u00bbno\u00a0\u00bb text_larger=\u00a0\u00bbno\u00a0\u00bb]<\/p>\n<h2 class=\"elementor-heading-title elementor-size-default\">Quelle est la m\u00e9thodologie du <strong>diagnostic \u00e9lectricit\u00e9<\/strong> ?<\/h2>\n<p>Le champ d\u2019application du diagnostic porte uniquement sur l\u2019ensemble de l\u2019installation int\u00e9rieure d\u2019\u00e9lectricit\u00e9 situ\u00e9e en aval de l\u2019appareil g\u00e9n\u00e9ral de commande et de protection.<\/p>\n<p>Les diff\u00e9rentes fiches de contr\u00f4le portent sur\u00a0:<\/p>\n<ul>\n<li class=\"elementor-icon-list-item\"><i class=\"fas fa-check-circle\" aria-hidden=\"true\"><\/i> <span class=\"elementor-icon-list-text\">la pr\u00e9sence d\u2019un appareil g\u00e9n\u00e9ral de commande et de protection de l\u2019installation<\/span><\/li>\n<li class=\"elementor-icon-list-item\"><i class=\"fas fa-check-circle\" aria-hidden=\"true\"><\/i> <span class=\"elementor-icon-list-text\">la pr\u00e9sence \u00e0 l\u2019origine de l\u2019installation d\u2019au moins un dispositif de protection diff\u00e9rentiel<\/span><\/li>\n<li class=\"elementor-icon-list-item\"><i class=\"fas fa-check-circle\" aria-hidden=\"true\"><\/i> <span class=\"elementor-icon-list-text\">la prise de terre et l\u2019installation de mise \u00e0 la terre<\/span><\/li>\n<li class=\"elementor-icon-list-item\"><i class=\"fas fa-check-circle\" aria-hidden=\"true\"><\/i> <span class=\"elementor-icon-list-text\">la pr\u00e9sence, sur chaque circuit, d\u2019un dispositif de protection contre les surintensit\u00e9s adapt\u00e9 \u00e0 la section des conducteurs<\/span><\/li>\n<li class=\"elementor-icon-list-item\"><i class=\"fas fa-check-circle\" aria-hidden=\"true\"><\/i> <span class=\"elementor-icon-list-text\">la pr\u00e9sence d\u2019une liaison \u00e9quipotentielle suppl\u00e9mentaire dans chaque local contenant une douche ou une baignoire<\/span><\/li>\n<li class=\"elementor-icon-list-item\"><i class=\"fas fa-check-circle\" aria-hidden=\"true\"><\/i> <span class=\"elementor-icon-list-text\">le respect des r\u00e8gles li\u00e9es aux zones dans chaque local contenant une douche ou une baignoire<\/span><\/li>\n<li class=\"elementor-icon-list-item\"><i class=\"fas fa-check-circle\" aria-hidden=\"true\"><\/i> <span class=\"elementor-icon-list-text\">l\u2019absence de mat\u00e9riels pr\u00e9sentant des risques de contact direct avec des \u00e9l\u00e9ments sous tension<\/span><\/li>\n<li class=\"elementor-icon-list-item\"><i class=\"fas fa-check-circle\" aria-hidden=\"true\"><\/i> <span class=\"elementor-icon-list-text\">l\u2019absence de mat\u00e9riels v\u00e9tustes ou inadapt\u00e9s \u00e0 l\u2019usage<\/span><\/li>\n<li class=\"elementor-icon-list-item\"><i class=\"fas fa-check-circle\" aria-hidden=\"true\"><\/i> <span class=\"elementor-icon-list-text\"> les appareils situ\u00e9s dans les parties privatives et aliment\u00e9s par les parties communes\u00a0\/ les appareils situ\u00e9s dans les parties communes et aliment\u00e9s par les parties privatives<\/span><\/li>\n<li class=\"elementor-icon-list-item\"><i class=\"fas fa-check-circle\" aria-hidden=\"true\"><\/i> <span class=\"elementor-icon-list-text\">les installations \u00e9lectriques des piscines et fontaines<\/span><\/li>\n<\/ul>\n<p>Les appareils d\u00e9di\u00e9s exclusivement \u00e0 l\u2019injection d\u2019\u00e9nergie \u00e9lectrique sur le r\u00e9seau public de distribution (panneaux solaires\u2026) ne sont pas concern\u00e9s par cette disposition. Le diagnostic \u00e9lectricit\u00e9 ne concerne pas non plus les circuits de t\u00e9l\u00e9phonie, de t\u00e9l\u00e9vision, de vid\u00e9ophonie, de centrale d\u2019alarme\u2026<\/p>\n<p>Le diagnostic s\u2019effectue sans d\u00e9placement de meubles, ni d\u00e9montage de l\u2019installation \u00e9lectrique, ni destruction des isolants des c\u00e2bles.<br \/>\nL\u2019investigation ne porte que sur les <strong>constituants visitables de l\u2019installation au moment du diagnostic.<\/strong><\/p>\n<div class=\"elementor-element elementor-element-64c4ede8 elementor-widget elementor-widget-heading\" data-id=\"64c4ede8\" data-element_type=\"widget\" data-widget_type=\"heading.default\">\n<div class=\"elementor-widget-container\">\n<h2 class=\"elementor-heading-title elementor-size-default\">Quelle est la dur\u00e9e de validit\u00e9 d\u2019un<strong> diagnostic \u00e9lectricit\u00e9<\/strong> ?<\/h2>\n<\/div>\n<\/div>\n<div class=\"elementor-element elementor-element-4064c5e8 elementor-widget elementor-widget-text-editor\" data-id=\"4064c5e8\" data-element_type=\"widget\" data-widget_type=\"text-editor.default\">\n<div class=\"elementor-widget-container\">\n<div class=\"elementor-text-editor elementor-clearfix\">\n<p>La validit\u00e9 du diagnostic \u00e9lectrique est de <strong>3 ans dans le cadre d\u2019une vente<\/strong> et de<strong> 6 ans pour une location.<\/strong><\/p>\n<\/div>\n<\/div>\n<\/div>\n<p>[\/vc_column_text][\/vc_column_inner][\/vc_row_inner][\/vc_column][\/vc_row][vc_row][vc_column][vc_separator el_width=\u00a0\u00bb50&Prime; wd_hide_on_desktop=\u00a0\u00bbno\u00a0\u00bb wd_hide_on_tablet=\u00a0\u00bbno\u00a0\u00bb wd_hide_on_mobile=\u00a0\u00bbno\u00a0\u00bb][\/vc_column][\/vc_row]<\/p>\n<\/section>","protected":false},"excerpt":{"rendered":"<p>[vc_row][vc_column width=\u00a0\u00bb1\/6&Prime;][vc_single_image image=\u00a0\u00bb7060&Prime; img_size=\u00a0\u00bb150X150&Prime; alignment=\u00a0\u00bbcenter\u00a0\u00bb parallax_scroll=\u00a0\u00bbno\u00a0\u00bb woodmart_inline=\u00a0\u00bbno\u00a0\u00bb][vc_empty_space woodmart_hide_large=\u00a0\u00bb0&Prime; woodmart_hide_medium=\u00a0\u00bb0&Prime; woodmart_hide_small=\u00a0\u00bb0&Prime;][\/vc_column][vc_column width=\u00a0\u00bb5\/6&Prime;][vc_empty_space woodmart_hide_large=\u00a0\u00bb0&Prime; woodmart_hide_medium=\u00a0\u00bb0&Prime; woodmart_hide_small=\u00a0\u00bb0&Prime;][vc_empty_space woodmart_hide_large=\u00a0\u00bb0&Prime; woodmart_hide_medium=\u00a0\u00bb0&Prime; woodmart_hide_small=\u00a0\u00bb0&Prime;][\/vc_column][\/vc_row][vc_row][vc_column][vc_row_inner content_placement=\u00a0\u00bbmiddle\u00a0\u00bb gap=\u00a0\u00bb5&Prime; woodmart_css_id=\u00a0\u00bb63e57479ba16d\u00a0\u00bb<\/p>\n","protected":false},"author":1,"featured_media":0,"parent":0,"menu_order":0,"comment_status":"closed","ping_status":"closed","template":"","meta":{"footnotes":""},"class_list":["post-7167","page","type-page","status-publish","hentry"],"yoast_head":"<!-- This site is optimized with the Yoast SEO plugin v21.7 - https:\/\/yoast.com\/wordpress\/plugins\/seo\/ -->\n<title>Le diagnostic \u00e9lectricit\u00e9 - CONSILIAG<\/title>\n<meta name=\"description\" content=\"Le diagnostic \u00e9lectricit\u00e9 - CONSILIAG\" \/>\n<meta name=\"robots\" content=\"index, follow, max-snippet:-1, max-image-preview:large, max-video-preview:-1\" \/>\n<link rel=\"canonical\" href=\"https:\/\/consiliag.fr\/index.php\/le-diagnostic-electricite\/\" \/>\n<meta property=\"og:locale\" content=\"fr_FR\" \/>\n<meta property=\"og:type\" content=\"article\" \/>\n<meta property=\"og:title\" content=\"Le diagnostic \u00e9lectricit\u00e9 - CONSILIAG\" \/>\n<meta property=\"og:description\" content=\"Le diagnostic \u00e9lectricit\u00e9 - CONSILIAG\" \/>\n<meta property=\"og:url\" content=\"https:\/\/consiliag.fr\/index.php\/le-diagnostic-electricite\/\" \/>\n<meta property=\"og:site_name\" content=\"CONSILIAG\" \/>\n<meta property=\"article:publisher\" content=\"https:\/\/www.facebook.com\/agencedediagnosticimmobilier\" \/>\n<meta property=\"article:modified_time\" content=\"2023-02-20T22:09:07+00:00\" \/>\n<meta property=\"og:image\" content=\"https:\/\/consiliag.fr\/wp-content\/uploads\/2023\/02\/logo-consiliag.png\" \/>\n\t<meta property=\"og:image:width\" content=\"1096\" \/>\n\t<meta property=\"og:image:height\" content=\"444\" \/>\n\t<meta property=\"og:image:type\" content=\"image\/png\" \/>\n<meta name=\"twitter:card\" content=\"summary_large_image\" \/>\n<meta name=\"twitter:label1\" content=\"Dur\u00e9e de lecture estim\u00e9e\" \/>\n\t<meta name=\"twitter:data1\" content=\"7 minutes\" \/>\n<script type=\"application\/ld+json\" class=\"yoast-schema-graph\">{\"@context\":\"https:\/\/schema.org\",\"@graph\":[{\"@type\":\"WebPage\",\"@id\":\"https:\/\/consiliag.fr\/index.php\/le-diagnostic-electricite\/\",\"url\":\"https:\/\/consiliag.fr\/index.php\/le-diagnostic-electricite\/\",\"name\":\"Le diagnostic \u00e9lectricit\u00e9 - CONSILIAG\",\"isPartOf\":{\"@id\":\"https:\/\/consiliag.fr\/#website\"},\"datePublished\":\"2023-02-14T15:41:56+00:00\",\"dateModified\":\"2023-02-20T22:09:07+00:00\",\"description\":\"Le diagnostic \u00e9lectricit\u00e9 - CONSILIAG\",\"breadcrumb\":{\"@id\":\"https:\/\/consiliag.fr\/index.php\/le-diagnostic-electricite\/#breadcrumb\"},\"inLanguage\":\"fr-FR\",\"potentialAction\":[{\"@type\":\"ReadAction\",\"target\":[\"https:\/\/consiliag.fr\/index.php\/le-diagnostic-electricite\/\"]}]},{\"@type\":\"BreadcrumbList\",\"@id\":\"https:\/\/consiliag.fr\/index.php\/le-diagnostic-electricite\/#breadcrumb\",\"itemListElement\":[{\"@type\":\"ListItem\",\"position\":1,\"name\":\"Accueil\",\"item\":\"https:\/\/consiliag.fr\/\"},{\"@type\":\"ListItem\",\"position\":2,\"name\":\"Le diagnostic \u00e9lectricit\u00e9\"}]},{\"@type\":\"WebSite\",\"@id\":\"https:\/\/consiliag.fr\/#website\",\"url\":\"https:\/\/consiliag.fr\/\",\"name\":\"CONSILIAG\",\"description\":\"Conseils &amp; Diagnostic Immobilier\",\"publisher\":{\"@id\":\"https:\/\/consiliag.fr\/#organization\"},\"alternateName\":\"CONSILIAG\",\"potentialAction\":[{\"@type\":\"SearchAction\",\"target\":{\"@type\":\"EntryPoint\",\"urlTemplate\":\"https:\/\/consiliag.fr\/?s={search_term_string}\"},\"query-input\":\"required name=search_term_string\"}],\"inLanguage\":\"fr-FR\"},{\"@type\":\"Organization\",\"@id\":\"https:\/\/consiliag.fr\/#organization\",\"name\":\"CONSILIAG\",\"url\":\"https:\/\/consiliag.fr\/\",\"logo\":{\"@type\":\"ImageObject\",\"inLanguage\":\"fr-FR\",\"@id\":\"https:\/\/consiliag.fr\/#\/schema\/logo\/image\/\",\"url\":\"https:\/\/consiliag.fr\/wp-content\/uploads\/2023\/02\/logo-consiliag.png\",\"contentUrl\":\"https:\/\/consiliag.fr\/wp-content\/uploads\/2023\/02\/logo-consiliag.png\",\"width\":1096,\"height\":444,\"caption\":\"CONSILIAG\"},\"image\":{\"@id\":\"https:\/\/consiliag.fr\/#\/schema\/logo\/image\/\"},\"sameAs\":[\"https:\/\/www.facebook.com\/agencedediagnosticimmobilier\"]}]}<\/script>\n<!-- \/ Yoast SEO plugin. -->","yoast_head_json":{"title":"Le diagnostic \u00e9lectricit\u00e9 - CONSILIAG","description":"Le diagnostic \u00e9lectricit\u00e9 - CONSILIAG","robots":{"index":"index","follow":"follow","max-snippet":"max-snippet:-1","max-image-preview":"max-image-preview:large","max-video-preview":"max-video-preview:-1"},"canonical":"https:\/\/consiliag.fr\/index.php\/le-diagnostic-electricite\/","og_locale":"fr_FR","og_type":"article","og_title":"Le diagnostic \u00e9lectricit\u00e9 - CONSILIAG","og_description":"Le diagnostic \u00e9lectricit\u00e9 - CONSILIAG","og_url":"https:\/\/consiliag.fr\/index.php\/le-diagnostic-electricite\/","og_site_name":"CONSILIAG","article_publisher":"https:\/\/www.facebook.com\/agencedediagnosticimmobilier","article_modified_time":"2023-02-20T22:09:07+00:00","og_image":[{"width":1096,"height":444,"url":"https:\/\/consiliag.fr\/wp-content\/uploads\/2023\/02\/logo-consiliag.png","type":"image\/png"}],"twitter_card":"summary_large_image","twitter_misc":{"Dur\u00e9e de lecture estim\u00e9e":"7 minutes"},"schema":{"@context":"https:\/\/schema.org","@graph":[{"@type":"WebPage","@id":"https:\/\/consiliag.fr\/index.php\/le-diagnostic-electricite\/","url":"https:\/\/consiliag.fr\/index.php\/le-diagnostic-electricite\/","name":"Le diagnostic \u00e9lectricit\u00e9 - CONSILIAG","isPartOf":{"@id":"https:\/\/consiliag.fr\/#website"},"datePublished":"2023-02-14T15:41:56+00:00","dateModified":"2023-02-20T22:09:07+00:00","description":"Le diagnostic \u00e9lectricit\u00e9 - CONSILIAG","breadcrumb":{"@id":"https:\/\/consiliag.fr\/index.php\/le-diagnostic-electricite\/#breadcrumb"},"inLanguage":"fr-FR","potentialAction":[{"@type":"ReadAction","target":["https:\/\/consiliag.fr\/index.php\/le-diagnostic-electricite\/"]}]},{"@type":"BreadcrumbList","@id":"https:\/\/consiliag.fr\/index.php\/le-diagnostic-electricite\/#breadcrumb","itemListElement":[{"@type":"ListItem","position":1,"name":"Accueil","item":"https:\/\/consiliag.fr\/"},{"@type":"ListItem","position":2,"name":"Le diagnostic \u00e9lectricit\u00e9"}]},{"@type":"WebSite","@id":"https:\/\/consiliag.fr\/#website","url":"https:\/\/consiliag.fr\/","name":"CONSILIAG","description":"Conseils &amp; Diagnostic Immobilier","publisher":{"@id":"https:\/\/consiliag.fr\/#organization"},"alternateName":"CONSILIAG","potentialAction":[{"@type":"SearchAction","target":{"@type":"EntryPoint","urlTemplate":"https:\/\/consiliag.fr\/?s={search_term_string}"},"query-input":"required name=search_term_string"}],"inLanguage":"fr-FR"},{"@type":"Organization","@id":"https:\/\/consiliag.fr\/#organization","name":"CONSILIAG","url":"https:\/\/consiliag.fr\/","logo":{"@type":"ImageObject","inLanguage":"fr-FR","@id":"https:\/\/consiliag.fr\/#\/schema\/logo\/image\/","url":"https:\/\/consiliag.fr\/wp-content\/uploads\/2023\/02\/logo-consiliag.png","contentUrl":"https:\/\/consiliag.fr\/wp-content\/uploads\/2023\/02\/logo-consiliag.png","width":1096,"height":444,"caption":"CONSILIAG"},"image":{"@id":"https:\/\/consiliag.fr\/#\/schema\/logo\/image\/"},"sameAs":["https:\/\/www.facebook.com\/agencedediagnosticimmobilier"]}]}},"jetpack_sharing_enabled":true,"_links":{"self":[{"href":"https:\/\/consiliag.fr\/index.php\/wp-json\/wp\/v2\/pages\/7167","targetHints":{"allow":["GET"]}}],"collection":[{"href":"https:\/\/consiliag.fr\/index.php\/wp-json\/wp\/v2\/pages"}],"about":[{"href":"https:\/\/consiliag.fr\/index.php\/wp-json\/wp\/v2\/types\/page"}],"author":[{"embeddable":true,"href":"https:\/\/consiliag.fr\/index.php\/wp-json\/wp\/v2\/users\/1"}],"replies":[{"embeddable":true,"href":"https:\/\/consiliag.fr\/index.php\/wp-json\/wp\/v2\/comments?post=7167"}],"version-history":[{"count":7,"href":"https:\/\/consiliag.fr\/index.php\/wp-json\/wp\/v2\/pages\/7167\/revisions"}],"predecessor-version":[{"id":7281,"href":"https:\/\/consiliag.fr\/index.php\/wp-json\/wp\/v2\/pages\/7167\/revisions\/7281"}],"wp:attachment":[{"href":"https:\/\/consiliag.fr\/index.php\/wp-json\/wp\/v2\/media?parent=7167"}],"curies":[{"name":"wp","href":"https:\/\/api.w.org\/{rel}","templated":true}]}}