{"id":7307,"date":"2023-02-21T17:53:53","date_gmt":"2023-02-21T16:53:53","guid":{"rendered":"https:\/\/consiliag.fr\/?page_id=7307"},"modified":"2023-02-21T17:53:53","modified_gmt":"2023-02-21T16:53:53","slug":"le-diagnostic-de-performance-projete-dpep","status":"publish","type":"page","link":"https:\/\/consiliag.fr\/index.php\/le-diagnostic-de-performance-projete-dpep\/","title":{"rendered":"Le diagnostic de performance Energ\u00e9tique Projet\u00e9 &#8211; DPE Projet\u00e9"},"content":{"rendered":"<section class=\"wpb-content-wrapper\"><p>[vc_row][vc_column width=\u00a0\u00bb1\/6&Prime;][vc_single_image image=\u00a0\u00bb7063&Prime; img_size=\u00a0\u00bb150X150&Prime; alignment=\u00a0\u00bbcenter\u00a0\u00bb parallax_scroll=\u00a0\u00bbno\u00a0\u00bb woodmart_inline=\u00a0\u00bbno\u00a0\u00bb][vc_empty_space woodmart_hide_large=\u00a0\u00bb0&Prime; woodmart_hide_medium=\u00a0\u00bb0&Prime; woodmart_hide_small=\u00a0\u00bb0&Prime;][\/vc_column][vc_column width=\u00a0\u00bb5\/6&Prime;][vc_empty_space woodmart_hide_large=\u00a0\u00bb0&Prime; woodmart_hide_medium=\u00a0\u00bb0&Prime; woodmart_hide_small=\u00a0\u00bb0&Prime;]\t\t\t<link rel=\"stylesheet\" id=\"wd-section-title-css\" href=\"https:\/\/consiliag.fr\/wp-content\/themes\/woodmart\/css\/parts\/el-section-title.min.css?ver=7.1.4\" type=\"text\/css\" media=\"all\" \/> \t\t\t\t\t\t<link rel=\"stylesheet\" id=\"wd-mod-highlighted-text-css\" href=\"https:\/\/consiliag.fr\/wp-content\/themes\/woodmart\/css\/parts\/mod-highlighted-text.min.css?ver=7.1.4\" type=\"text\/css\" media=\"all\" \/> \t\t\t\n\t\t<div id=\"wd-63f4f70caf48c\" class=\"title-wrapper wd-wpb set-mb-s reset-last-child  wd-rs-63f4f70caf48c wd-title-color-default wd-title-style-simple text-center  wd-underline-colored\">\n\t\t\t\n\t\t\t<div class=\"liner-continer\">\n\t\t\t\t<h4 class=\"woodmart-title-container title  wd-font-weight- wd-fontsize-l\" >Le diagnostic de performance \u00c9nerg\u00e9tique Projet\u00e9 - DPE Projet\u00e9<\/h4>\n\t\t\t\t\t\t\t<\/div>\n\t\t\t\n\t\t\t\n\t\t\t\n\t\t<\/div>\n\t\t\n\t\t[vc_empty_space woodmart_hide_large=\u00a0\u00bb0&Prime; woodmart_hide_medium=\u00a0\u00bb0&Prime; woodmart_hide_small=\u00a0\u00bb0&Prime;][\/vc_column][\/vc_row][vc_row][vc_column][vc_row_inner content_placement=\u00a0\u00bbmiddle\u00a0\u00bb gap=\u00a0\u00bb5&Prime; woodmart_css_id=\u00a0\u00bb63e57479ba16d\u00a0\u00bb responsive_spacing=\u00a0\u00bbeyJwYXJhbV90eXBlIjoid29vZG1hcnRfcmVzcG9uc2l2ZV9zcGFjaW5nIiwic2VsZWN0b3JfaWQiOiI2M2U1NzQ3OWJhMTZkIiwic2hvcnRjb2RlIjoidmNfcm93X2lubmVyIiwiZGF0YSI6eyJ0YWJsZXQiOnt9LCJtb2JpbGUiOnt9fX0=\u00a0\u00bb mobile_bg_img_hidden=\u00a0\u00bbno\u00a0\u00bb tablet_bg_img_hidden=\u00a0\u00bbno\u00a0\u00bb woodmart_parallax=\u00a0\u00bb0&Prime; woodmart_gradient_switch=\u00a0\u00bbno\u00a0\u00bb woodmart_box_shadow=\u00a0\u00bbno\u00a0\u00bb wd_z_index=\u00a0\u00bbno\u00a0\u00bb woodmart_disable_overflow=\u00a0\u00bb0&Prime; row_reverse_mobile=\u00a0\u00bb0&Prime; row_reverse_tablet=\u00a0\u00bb0&Prime;][vc_column_inner width=\u00a0\u00bb1\/2&Prime; woodmart_text_align=\u00a0\u00bbleft\u00a0\u00bb horizontal_alignment=\u00a0\u00bbeyJkZXZpY2VzIjp7ImRlc2t0b3AiOnsidmFsdWUiOiJjZW50ZXIifSwidGFibGV0Ijp7InZhbHVlIjoiIn0sIm1vYmlsZSI6eyJ2YWx1ZSI6IiJ9fX0=\u00a0\u00bb woodmart_css_id=\u00a0\u00bb63eba54fdae0a\u00a0\u00bb parallax_scroll=\u00a0\u00bbno\u00a0\u00bb woodmart_sticky_column=\u00a0\u00bbfalse\u00a0\u00bb wd_collapsible_content_switcher=\u00a0\u00bbno\u00a0\u00bb wd_column_role_offcanvas_desktop=\u00a0\u00bbno\u00a0\u00bb wd_column_role_offcanvas_tablet=\u00a0\u00bbno\u00a0\u00bb wd_column_role_offcanvas_mobile=\u00a0\u00bbno\u00a0\u00bb wd_column_role_content_desktop=\u00a0\u00bbno\u00a0\u00bb wd_column_role_content_tablet=\u00a0\u00bbno\u00a0\u00bb wd_column_role_content_mobile=\u00a0\u00bbno\u00a0\u00bb mobile_bg_img_hidden=\u00a0\u00bbno\u00a0\u00bb tablet_bg_img_hidden=\u00a0\u00bbno\u00a0\u00bb woodmart_parallax=\u00a0\u00bb0&Prime; woodmart_box_shadow=\u00a0\u00bbno\u00a0\u00bb responsive_spacing=\u00a0\u00bbeyJwYXJhbV90eXBlIjoid29vZG1hcnRfcmVzcG9uc2l2ZV9zcGFjaW5nIiwic2VsZWN0b3JfaWQiOiI2M2ViYTU0ZmRhZTBhIiwic2hvcnRjb2RlIjoidmNfY29sdW1uX2lubmVyIiwiZGF0YSI6eyJ0YWJsZXQiOnt9LCJtb2JpbGUiOnt9fX0=\u00a0\u00bb wd_z_index=\u00a0\u00bbno\u00a0\u00bb][vc_column_text woodmart_inline=\u00a0\u00bbno\u00a0\u00bb text_larger=\u00a0\u00bbno\u00a0\u00bb]<\/p>\n<section class=\"elementor-section elementor-top-section elementor-element elementor-element-5bc9a42 elementor-section-boxed elementor-section-height-default elementor-section-height-default\" data-id=\"5bc9a42\" data-element_type=\"section\">\n<div class=\"elementor-container elementor-column-gap-default\">\n<div class=\"elementor-row\">\n<div class=\"elementor-column elementor-col-100 elementor-top-column elementor-element elementor-element-8b914b6\" data-id=\"8b914b6\" data-element_type=\"column\">\n<div class=\"elementor-column-wrap elementor-element-populated\">\n<div class=\"elementor-widget-wrap\">\n<div class=\"elementor-element elementor-element-f4c11a4 elementor-widget elementor-widget-heading\" data-id=\"f4c11a4\" data-element_type=\"widget\" data-widget_type=\"heading.default\">\n<div class=\"elementor-widget-container\">\n<h2 class=\"elementor-heading-title elementor-size-default\">LE<strong> DPE<\/strong><b> PROJET\u00c9<\/b><\/h2>\n<\/div>\n<\/div>\n<div class=\"elementor-element elementor-element-466c6a7 elementor-widget-divider--view-line elementor-widget elementor-widget-divider\" data-id=\"466c6a7\" data-element_type=\"widget\" data-widget_type=\"divider.default\">\n<div class=\"elementor-widget-container\">\n<div class=\"elementor-divider\">\n<div class=\"elementor-container elementor-column-gap-default\">\n<div class=\"elementor-row\">\n<div class=\"elementor-column elementor-col-100 elementor-top-column elementor-element elementor-element-a56da30\" data-id=\"a56da30\" data-element_type=\"column\">\n<div class=\"elementor-column-wrap elementor-element-populated\">\n<div class=\"elementor-widget-wrap\">\n<div class=\"elementor-element elementor-element-a1bb8ab elementor-widget elementor-widget-heading\" data-id=\"a1bb8ab\" data-element_type=\"widget\" data-widget_type=\"heading.default\">\n<div class=\"elementor-widget-container\">\n<h2 class=\"elementor-heading-title elementor-size-default\">Pourquoi r\u00e9aliser un <strong> diagnostic de performance \u00e9nerg\u00e9tique projet\u00e9<\/strong> ?<\/h2>\n<\/div>\n<\/div>\n<\/div>\n<\/div>\n<\/div>\n<\/div>\n<\/div>\n<\/div>\n<\/div>\n<\/div>\n<\/div>\n<\/div>\n<\/div>\n<\/div>\n<\/div>\n<\/section>\n<section class=\"elementor-section elementor-top-section elementor-element elementor-element-0d736ff elementor-section-boxed elementor-section-height-default elementor-section-height-default\" data-id=\"0d736ff\" data-element_type=\"section\">\n<div class=\"elementor-container elementor-column-gap-default\">\n<div class=\"elementor-row\">\n<div class=\"elementor-column elementor-col-100 elementor-top-column elementor-element elementor-element-f94c46a\" data-id=\"f94c46a\" data-element_type=\"column\">\n<div class=\"elementor-column-wrap elementor-element-populated\">\n<div class=\"elementor-widget-wrap\">\n<div class=\"elementor-element elementor-element-80cc310 elementor-widget elementor-widget-text-editor\" data-id=\"80cc310\" data-element_type=\"widget\" data-widget_type=\"text-editor.default\">\n<div class=\"elementor-widget-container\">\n<div class=\"elementor-text-editor elementor-clearfix\">\n<p>Le DPE projet\u00e9 est pr\u00e9alable \u00e0 l\u2019<b>obtention d\u2019un pr\u00eat \u00e0 taux z\u00e9ro dans l\u2019immobilier ancien<\/b>.<\/p>\n<p>Les biens class\u00e9s F et G devront faire l\u2019objet d\u2019un DPE projet\u00e9, avec une estimation de la consommation en \u00e9nergie du logement post-travaux.<\/p>\n<p><b>L<\/b><b>\u2019arr\u00eat\u00e9 du 6 janvier 2020<\/b> pr\u00e9cise que l\u2019emprunteur devra fournir, \u00e0 sa banque, une \u00e9valuation \u00e9nerg\u00e9tique. Celle-ci s\u2019\u00e9tablit selon une m\u00e9thode de calcul conventionnel applicable au DPE pour les b\u00e2timents existants :<\/p>\n<ul>\n<li>Si l\u2019\u00e9tiquette \u00e9nergie est de A \u00e0 E, l\u2019emprunteur pourra fournir un DPE classique en cours de validit\u00e9.<\/li>\n<li>Dans le cas contraire, c\u2019est-\u00e0-dire pour les classes \u00e9nergie F et G, il devra fournir une \u00e9valuation de la consommation du logement apr\u00e8s les travaux (DPE projet\u00e9).<\/li>\n<\/ul>\n<\/div>\n<\/div>\n<\/div>\n<\/div>\n<\/div>\n<\/div>\n<\/div>\n<\/div>\n<\/section>\n<p>[\/vc_column_text][\/vc_column_inner][vc_column_inner width=\u00a0\u00bb1\/2&Prime;][vc_gallery type=\u00a0\u00bbimage_grid\u00a0\u00bb images=\u00a0\u00bb7308&Prime; img_size=\u00a0\u00bbfull\u00a0\u00bb][vc_empty_space][\/vc_column_inner][\/vc_row_inner][\/vc_column][\/vc_row][vc_row][vc_column][vc_separator el_width=\u00a0\u00bb50&Prime; wd_hide_on_desktop=\u00a0\u00bbno\u00a0\u00bb wd_hide_on_tablet=\u00a0\u00bbno\u00a0\u00bb wd_hide_on_mobile=\u00a0\u00bbno\u00a0\u00bb][\/vc_column][\/vc_row]<\/p>\n<\/section>","protected":false},"excerpt":{"rendered":"<p>[vc_row][vc_column width=\u00a0\u00bb1\/6&Prime;][vc_single_image image=\u00a0\u00bb7063&Prime; img_size=\u00a0\u00bb150X150&Prime; alignment=\u00a0\u00bbcenter\u00a0\u00bb parallax_scroll=\u00a0\u00bbno\u00a0\u00bb woodmart_inline=\u00a0\u00bbno\u00a0\u00bb][vc_empty_space woodmart_hide_large=\u00a0\u00bb0&Prime; woodmart_hide_medium=\u00a0\u00bb0&Prime; woodmart_hide_small=\u00a0\u00bb0&Prime;][\/vc_column][vc_column width=\u00a0\u00bb5\/6&Prime;][vc_empty_space woodmart_hide_large=\u00a0\u00bb0&Prime; woodmart_hide_medium=\u00a0\u00bb0&Prime; woodmart_hide_small=\u00a0\u00bb0&Prime;][vc_empty_space woodmart_hide_large=\u00a0\u00bb0&Prime; woodmart_hide_medium=\u00a0\u00bb0&Prime; woodmart_hide_small=\u00a0\u00bb0&Prime;][\/vc_column][\/vc_row][vc_row][vc_column][vc_row_inner content_placement=\u00a0\u00bbmiddle\u00a0\u00bb gap=\u00a0\u00bb5&Prime; woodmart_css_id=\u00a0\u00bb63e57479ba16d\u00a0\u00bb<\/p>\n","protected":false},"author":1,"featured_media":5473,"parent":0,"menu_order":0,"comment_status":"closed","ping_status":"closed","template":"","meta":{"footnotes":""},"class_list":["post-7307","page","type-page","status-publish","has-post-thumbnail","hentry"],"yoast_head":"<!-- This site is optimized with the Yoast SEO plugin v21.7 - https:\/\/yoast.com\/wordpress\/plugins\/seo\/ -->\n<title>Le diagnostic de performance Energ\u00e9tique Projet\u00e9 - DPE Projet\u00e9 - CONSILIAG<\/title>\n<meta name=\"description\" content=\"Le diagnostic de performance Energ\u00e9tique Projet\u00e9 - DPE Projet\u00e9 - CONSILIAG\" \/>\n<meta name=\"robots\" content=\"index, follow, max-snippet:-1, max-image-preview:large, max-video-preview:-1\" \/>\n<link rel=\"canonical\" href=\"https:\/\/consiliag.fr\/index.php\/le-diagnostic-de-performance-projete-dpep\/\" \/>\n<meta property=\"og:locale\" content=\"fr_FR\" \/>\n<meta property=\"og:type\" content=\"article\" \/>\n<meta property=\"og:title\" content=\"Le diagnostic de performance Energ\u00e9tique Projet\u00e9 - DPE Projet\u00e9 - CONSILIAG\" \/>\n<meta property=\"og:description\" content=\"Le diagnostic de performance Energ\u00e9tique Projet\u00e9 - DPE Projet\u00e9 - CONSILIAG\" \/>\n<meta property=\"og:url\" content=\"https:\/\/consiliag.fr\/index.php\/le-diagnostic-de-performance-projete-dpep\/\" \/>\n<meta property=\"og:site_name\" content=\"CONSILIAG\" \/>\n<meta property=\"article:publisher\" content=\"https:\/\/www.facebook.com\/agencedediagnosticimmobilier\" \/>\n<meta property=\"og:image\" content=\"https:\/\/consiliag.fr\/wp-content\/uploads\/2021\/09\/repair-portfolio-3.jpg\" \/>\n\t<meta property=\"og:image:width\" content=\"720\" \/>\n\t<meta property=\"og:image:height\" content=\"1030\" \/>\n\t<meta property=\"og:image:type\" content=\"image\/jpeg\" \/>\n<meta name=\"twitter:card\" content=\"summary_large_image\" \/>\n<meta name=\"twitter:label1\" content=\"Dur\u00e9e de lecture estim\u00e9e\" \/>\n\t<meta name=\"twitter:data1\" content=\"3 minutes\" \/>\n<script type=\"application\/ld+json\" class=\"yoast-schema-graph\">{\"@context\":\"https:\/\/schema.org\",\"@graph\":[{\"@type\":\"WebPage\",\"@id\":\"https:\/\/consiliag.fr\/index.php\/le-diagnostic-de-performance-projete-dpep\/\",\"url\":\"https:\/\/consiliag.fr\/index.php\/le-diagnostic-de-performance-projete-dpep\/\",\"name\":\"Le diagnostic de performance Energ\u00e9tique Projet\u00e9 - DPE Projet\u00e9 - CONSILIAG\",\"isPartOf\":{\"@id\":\"https:\/\/consiliag.fr\/#website\"},\"datePublished\":\"2023-02-21T16:53:53+00:00\",\"dateModified\":\"2023-02-21T16:53:53+00:00\",\"description\":\"Le diagnostic de performance Energ\u00e9tique Projet\u00e9 - DPE Projet\u00e9 - CONSILIAG\",\"breadcrumb\":{\"@id\":\"https:\/\/consiliag.fr\/index.php\/le-diagnostic-de-performance-projete-dpep\/#breadcrumb\"},\"inLanguage\":\"fr-FR\",\"potentialAction\":[{\"@type\":\"ReadAction\",\"target\":[\"https:\/\/consiliag.fr\/index.php\/le-diagnostic-de-performance-projete-dpep\/\"]}]},{\"@type\":\"BreadcrumbList\",\"@id\":\"https:\/\/consiliag.fr\/index.php\/le-diagnostic-de-performance-projete-dpep\/#breadcrumb\",\"itemListElement\":[{\"@type\":\"ListItem\",\"position\":1,\"name\":\"Accueil\",\"item\":\"https:\/\/consiliag.fr\/\"},{\"@type\":\"ListItem\",\"position\":2,\"name\":\"Le diagnostic de performance Energ\u00e9tique Projet\u00e9 &#8211; DPE Projet\u00e9\"}]},{\"@type\":\"WebSite\",\"@id\":\"https:\/\/consiliag.fr\/#website\",\"url\":\"https:\/\/consiliag.fr\/\",\"name\":\"CONSILIAG\",\"description\":\"Conseils &amp; Diagnostic Immobilier\",\"publisher\":{\"@id\":\"https:\/\/consiliag.fr\/#organization\"},\"alternateName\":\"CONSILIAG\",\"potentialAction\":[{\"@type\":\"SearchAction\",\"target\":{\"@type\":\"EntryPoint\",\"urlTemplate\":\"https:\/\/consiliag.fr\/?s={search_term_string}\"},\"query-input\":\"required name=search_term_string\"}],\"inLanguage\":\"fr-FR\"},{\"@type\":\"Organization\",\"@id\":\"https:\/\/consiliag.fr\/#organization\",\"name\":\"CONSILIAG\",\"url\":\"https:\/\/consiliag.fr\/\",\"logo\":{\"@type\":\"ImageObject\",\"inLanguage\":\"fr-FR\",\"@id\":\"https:\/\/consiliag.fr\/#\/schema\/logo\/image\/\",\"url\":\"https:\/\/consiliag.fr\/wp-content\/uploads\/2023\/02\/logo-consiliag.png\",\"contentUrl\":\"https:\/\/consiliag.fr\/wp-content\/uploads\/2023\/02\/logo-consiliag.png\",\"width\":1096,\"height\":444,\"caption\":\"CONSILIAG\"},\"image\":{\"@id\":\"https:\/\/consiliag.fr\/#\/schema\/logo\/image\/\"},\"sameAs\":[\"https:\/\/www.facebook.com\/agencedediagnosticimmobilier\"]}]}<\/script>\n<!-- \/ Yoast SEO plugin. -->","yoast_head_json":{"title":"Le diagnostic de performance Energ\u00e9tique Projet\u00e9 - DPE Projet\u00e9 - CONSILIAG","description":"Le diagnostic de performance Energ\u00e9tique Projet\u00e9 - DPE Projet\u00e9 - CONSILIAG","robots":{"index":"index","follow":"follow","max-snippet":"max-snippet:-1","max-image-preview":"max-image-preview:large","max-video-preview":"max-video-preview:-1"},"canonical":"https:\/\/consiliag.fr\/index.php\/le-diagnostic-de-performance-projete-dpep\/","og_locale":"fr_FR","og_type":"article","og_title":"Le diagnostic de performance Energ\u00e9tique Projet\u00e9 - DPE Projet\u00e9 - CONSILIAG","og_description":"Le diagnostic de performance Energ\u00e9tique Projet\u00e9 - DPE Projet\u00e9 - CONSILIAG","og_url":"https:\/\/consiliag.fr\/index.php\/le-diagnostic-de-performance-projete-dpep\/","og_site_name":"CONSILIAG","article_publisher":"https:\/\/www.facebook.com\/agencedediagnosticimmobilier","og_image":[{"width":720,"height":1030,"url":"https:\/\/consiliag.fr\/wp-content\/uploads\/2021\/09\/repair-portfolio-3.jpg","type":"image\/jpeg"}],"twitter_card":"summary_large_image","twitter_misc":{"Dur\u00e9e de lecture estim\u00e9e":"3 minutes"},"schema":{"@context":"https:\/\/schema.org","@graph":[{"@type":"WebPage","@id":"https:\/\/consiliag.fr\/index.php\/le-diagnostic-de-performance-projete-dpep\/","url":"https:\/\/consiliag.fr\/index.php\/le-diagnostic-de-performance-projete-dpep\/","name":"Le diagnostic de performance Energ\u00e9tique Projet\u00e9 - DPE Projet\u00e9 - CONSILIAG","isPartOf":{"@id":"https:\/\/consiliag.fr\/#website"},"datePublished":"2023-02-21T16:53:53+00:00","dateModified":"2023-02-21T16:53:53+00:00","description":"Le diagnostic de performance Energ\u00e9tique Projet\u00e9 - DPE Projet\u00e9 - CONSILIAG","breadcrumb":{"@id":"https:\/\/consiliag.fr\/index.php\/le-diagnostic-de-performance-projete-dpep\/#breadcrumb"},"inLanguage":"fr-FR","potentialAction":[{"@type":"ReadAction","target":["https:\/\/consiliag.fr\/index.php\/le-diagnostic-de-performance-projete-dpep\/"]}]},{"@type":"BreadcrumbList","@id":"https:\/\/consiliag.fr\/index.php\/le-diagnostic-de-performance-projete-dpep\/#breadcrumb","itemListElement":[{"@type":"ListItem","position":1,"name":"Accueil","item":"https:\/\/consiliag.fr\/"},{"@type":"ListItem","position":2,"name":"Le diagnostic de performance Energ\u00e9tique Projet\u00e9 &#8211; DPE Projet\u00e9"}]},{"@type":"WebSite","@id":"https:\/\/consiliag.fr\/#website","url":"https:\/\/consiliag.fr\/","name":"CONSILIAG","description":"Conseils &amp; Diagnostic Immobilier","publisher":{"@id":"https:\/\/consiliag.fr\/#organization"},"alternateName":"CONSILIAG","potentialAction":[{"@type":"SearchAction","target":{"@type":"EntryPoint","urlTemplate":"https:\/\/consiliag.fr\/?s={search_term_string}"},"query-input":"required name=search_term_string"}],"inLanguage":"fr-FR"},{"@type":"Organization","@id":"https:\/\/consiliag.fr\/#organization","name":"CONSILIAG","url":"https:\/\/consiliag.fr\/","logo":{"@type":"ImageObject","inLanguage":"fr-FR","@id":"https:\/\/consiliag.fr\/#\/schema\/logo\/image\/","url":"https:\/\/consiliag.fr\/wp-content\/uploads\/2023\/02\/logo-consiliag.png","contentUrl":"https:\/\/consiliag.fr\/wp-content\/uploads\/2023\/02\/logo-consiliag.png","width":1096,"height":444,"caption":"CONSILIAG"},"image":{"@id":"https:\/\/consiliag.fr\/#\/schema\/logo\/image\/"},"sameAs":["https:\/\/www.facebook.com\/agencedediagnosticimmobilier"]}]}},"jetpack_sharing_enabled":true,"_links":{"self":[{"href":"https:\/\/consiliag.fr\/index.php\/wp-json\/wp\/v2\/pages\/7307","targetHints":{"allow":["GET"]}}],"collection":[{"href":"https:\/\/consiliag.fr\/index.php\/wp-json\/wp\/v2\/pages"}],"about":[{"href":"https:\/\/consiliag.fr\/index.php\/wp-json\/wp\/v2\/types\/page"}],"author":[{"embeddable":true,"href":"https:\/\/consiliag.fr\/index.php\/wp-json\/wp\/v2\/users\/1"}],"replies":[{"embeddable":true,"href":"https:\/\/consiliag.fr\/index.php\/wp-json\/wp\/v2\/comments?post=7307"}],"version-history":[{"count":2,"href":"https:\/\/consiliag.fr\/index.php\/wp-json\/wp\/v2\/pages\/7307\/revisions"}],"predecessor-version":[{"id":7311,"href":"https:\/\/consiliag.fr\/index.php\/wp-json\/wp\/v2\/pages\/7307\/revisions\/7311"}],"wp:featuredmedia":[{"embeddable":true,"href":"https:\/\/consiliag.fr\/index.php\/wp-json\/wp\/v2\/media\/5473"}],"wp:attachment":[{"href":"https:\/\/consiliag.fr\/index.php\/wp-json\/wp\/v2\/media?parent=7307"}],"curies":[{"name":"wp","href":"https:\/\/api.w.org\/{rel}","templated":true}]}}