{"id":7360,"date":"2023-02-23T15:53:03","date_gmt":"2023-02-23T14:53:03","guid":{"rendered":"https:\/\/consiliag.fr\/?page_id=7360"},"modified":"2024-12-24T07:06:27","modified_gmt":"2024-12-24T06:06:27","slug":"le-diagnostic-de-performance-energetique-copropriete","status":"publish","type":"page","link":"https:\/\/consiliag.fr\/index.php\/le-diagnostic-de-performance-energetique-copropriete\/","title":{"rendered":"Le diagnostic de performance \u00e9nerg\u00e9tique copropri\u00e9t\u00e9"},"content":{"rendered":"<section class=\"wpb-content-wrapper\"><p>[vc_row][vc_column width=\u00a0\u00bb1\/2&Prime;][vc_single_image image=\u00a0\u00bb7063&Prime; img_size=\u00a0\u00bb150X150&Prime; alignment=\u00a0\u00bbcenter\u00a0\u00bb parallax_scroll=\u00a0\u00bbno\u00a0\u00bb woodmart_inline=\u00a0\u00bbno\u00a0\u00bb][vc_column_text woodmart_inline=\u00a0\u00bbno\u00a0\u00bb text_larger=\u00a0\u00bbno\u00a0\u00bb]<\/p>\n<h2>Le diagnostic de performance \u00e9nerg\u00e9tique copropri\u00e9t\u00e9<\/h2>\n<p>D\u00e9couvrez <a href=\"https:\/\/www.orele-diagnostics.fr\/\">Orele<\/a> ! le premier service de diagnostic immobilier d\u00e9di\u00e9 au logement collectif en monopropri\u00e9t\u00e9 et copropri\u00e9t\u00e9.<\/p>\n<p>Toutes les informations, les tarifs, vos obligations en tant que bailleur ou vendeur sont accessibles sur le site <a href=\"https:\/\/www.orele-diagnostics.fr\/\">orele-diagnostics.fr.<\/a><\/p>\n<p><img loading=\"lazy\" decoding=\"async\" class=\"alignnone size-medium wp-image-7570\" src=\"https:\/\/consiliag.fr\/wp-content\/uploads\/2024\/12\/logo-orele-diagnostics_fd-beige_RVB-400x178.jpg\" alt=\"\" width=\"400\" height=\"178\" srcset=\"https:\/\/consiliag.fr\/wp-content\/uploads\/2024\/12\/logo-orele-diagnostics_fd-beige_RVB-400x178.jpg 400w, https:\/\/consiliag.fr\/wp-content\/uploads\/2024\/12\/logo-orele-diagnostics_fd-beige_RVB-1300x578.jpg 1300w, https:\/\/consiliag.fr\/wp-content\/uploads\/2024\/12\/logo-orele-diagnostics_fd-beige_RVB-768x342.jpg 768w, https:\/\/consiliag.fr\/wp-content\/uploads\/2024\/12\/logo-orele-diagnostics_fd-beige_RVB-1536x683.jpg 1536w, https:\/\/consiliag.fr\/wp-content\/uploads\/2024\/12\/logo-orele-diagnostics_fd-beige_RVB-2048x911.jpg 2048w\" sizes=\"auto, (max-width: 400px) 100vw, 400px\" \/>[\/vc_column_text][vc_empty_space woodmart_hide_large=\u00a0\u00bb0&Prime; woodmart_hide_medium=\u00a0\u00bb0&Prime; woodmart_hide_small=\u00a0\u00bb0&Prime;][\/vc_column][vc_column width=\u00a0\u00bb1\/2&Prime;][vc_empty_space woodmart_hide_large=\u00a0\u00bb0&Prime; woodmart_hide_medium=\u00a0\u00bb0&Prime; woodmart_hide_small=\u00a0\u00bb0&Prime;]\t\t\t<link rel=\"stylesheet\" id=\"wd-section-title-css\" href=\"https:\/\/consiliag.fr\/wp-content\/themes\/woodmart\/css\/parts\/el-section-title.min.css?ver=7.1.4\" type=\"text\/css\" media=\"all\" \/> \t\t\t\t\t\t<link rel=\"stylesheet\" id=\"wd-mod-highlighted-text-css\" href=\"https:\/\/consiliag.fr\/wp-content\/themes\/woodmart\/css\/parts\/mod-highlighted-text.min.css?ver=7.1.4\" type=\"text\/css\" media=\"all\" \/> \t\t\t\n\t\t<div id=\"wd-676a48a818466\" class=\"title-wrapper wd-wpb set-mb-s reset-last-child  wd-rs-676a48a818466 wd-title-color-default wd-title-style-simple text-center  wd-underline-colored\">\n\t\t\t\n\t\t\t<div class=\"liner-continer\">\n\t\t\t\t<h4 class=\"woodmart-title-container title  wd-font-weight- wd-fontsize-l\" >DPE - Le diagnostic de performance \u00e9nerg\u00e9tique copropri\u00e9t\u00e9<\/h4>\n\t\t\t\t\t\t\t<\/div>\n\t\t\t\n\t\t\t\n\t\t\t\n\t\t<\/div>\n\t\t\n\t\t[vc_empty_space woodmart_hide_large=\u00a0\u00bb0&Prime; woodmart_hide_medium=\u00a0\u00bb0&Prime; woodmart_hide_small=\u00a0\u00bb0&Prime;][vc_single_image image=\u00a0\u00bb7568&Prime; img_size=\u00a0\u00bb500X500&Prime; alignment=\u00a0\u00bbcenter\u00a0\u00bb parallax_scroll=\u00a0\u00bbno\u00a0\u00bb woodmart_inline=\u00a0\u00bbno\u00a0\u00bb][\/vc_column][\/vc_row][vc_row][vc_column][vc_row_inner content_placement=\u00a0\u00bbmiddle\u00a0\u00bb gap=\u00a0\u00bb5&Prime; woodmart_css_id=\u00a0\u00bb63e57479ba16d\u00a0\u00bb responsive_spacing=\u00a0\u00bbeyJwYXJhbV90eXBlIjoid29vZG1hcnRfcmVzcG9uc2l2ZV9zcGFjaW5nIiwic2VsZWN0b3JfaWQiOiI2M2U1NzQ3OWJhMTZkIiwic2hvcnRjb2RlIjoidmNfcm93X2lubmVyIiwiZGF0YSI6eyJ0YWJsZXQiOnt9LCJtb2JpbGUiOnt9fX0=\u00a0\u00bb mobile_bg_img_hidden=\u00a0\u00bbno\u00a0\u00bb tablet_bg_img_hidden=\u00a0\u00bbno\u00a0\u00bb woodmart_parallax=\u00a0\u00bb0&Prime; woodmart_gradient_switch=\u00a0\u00bbno\u00a0\u00bb woodmart_box_shadow=\u00a0\u00bbno\u00a0\u00bb wd_z_index=\u00a0\u00bbno\u00a0\u00bb woodmart_disable_overflow=\u00a0\u00bb0&Prime; row_reverse_mobile=\u00a0\u00bb0&Prime; row_reverse_tablet=\u00a0\u00bb0&Prime;][vc_column_inner woodmart_text_align=\u00a0\u00bbleft\u00a0\u00bb horizontal_alignment=\u00a0\u00bbeyJkZXZpY2VzIjp7ImRlc2t0b3AiOnsidmFsdWUiOiJjZW50ZXIifSwidGFibGV0Ijp7InZhbHVlIjoiIn0sIm1vYmlsZSI6eyJ2YWx1ZSI6IiJ9fX0=\u00a0\u00bb woodmart_css_id=\u00a0\u00bb63eba54fdae0a\u00a0\u00bb parallax_scroll=\u00a0\u00bbno\u00a0\u00bb woodmart_sticky_column=\u00a0\u00bbfalse\u00a0\u00bb wd_collapsible_content_switcher=\u00a0\u00bbno\u00a0\u00bb wd_column_role_offcanvas_desktop=\u00a0\u00bbno\u00a0\u00bb wd_column_role_offcanvas_tablet=\u00a0\u00bbno\u00a0\u00bb wd_column_role_offcanvas_mobile=\u00a0\u00bbno\u00a0\u00bb wd_column_role_content_desktop=\u00a0\u00bbno\u00a0\u00bb wd_column_role_content_tablet=\u00a0\u00bbno\u00a0\u00bb wd_column_role_content_mobile=\u00a0\u00bbno\u00a0\u00bb mobile_bg_img_hidden=\u00a0\u00bbno\u00a0\u00bb tablet_bg_img_hidden=\u00a0\u00bbno\u00a0\u00bb woodmart_parallax=\u00a0\u00bb0&Prime; woodmart_box_shadow=\u00a0\u00bbno\u00a0\u00bb responsive_spacing=\u00a0\u00bbeyJwYXJhbV90eXBlIjoid29vZG1hcnRfcmVzcG9uc2l2ZV9zcGFjaW5nIiwic2VsZWN0b3JfaWQiOiI2M2ViYTU0ZmRhZTBhIiwic2hvcnRjb2RlIjoidmNfY29sdW1uX2lubmVyIiwiZGF0YSI6eyJ0YWJsZXQiOnt9LCJtb2JpbGUiOnt9fX0=\u00a0\u00bb wd_z_index=\u00a0\u00bbno\u00a0\u00bb][vc_column_text woodmart_inline=\u00a0\u00bbno\u00a0\u00bb text_larger=\u00a0\u00bbno\u00a0\u00bb]Lanc\u00e9 par la soci\u00e9t\u00e9 CONSILIAG, ORELE est le sp\u00e9cialiste du diagnostic immobilier obligatoire pour les logements collectifs en monopropri\u00e9t\u00e9 et en copropri\u00e9t\u00e9.<\/p>\n<p>ORELE s\u2019adresse \u00e0 la fois aux particuliers, aux professionnels de l\u2019immobilier et aux gestionnaires de copropri\u00e9t\u00e9s d\u00e9sireux de passer par un interlocuteur unique capable de r\u00e9pondre \u00e0 tous les domaines du diagnostic.[\/vc_column_text][vc_column_text woodmart_inline=\u00a0\u00bbno\u00a0\u00bb text_larger=\u00a0\u00bbno\u00a0\u00bb]Projet de plan pluriannuel de travaux PPPT, DTG, DPE immeuble, dossier technique amiante-DTA, confiez-nous comme de nombreux syndics de copropri\u00e9t\u00e9 la gestion de vos diagnostics syndics ![\/vc_column_text][\/vc_column_inner][\/vc_row_inner][\/vc_column][\/vc_row][vc_row equal_height=\u00a0\u00bbyes\u00a0\u00bb woodmart_css_id=\u00a0\u00bb63eba7ab7a3d7&Prime; responsive_spacing=\u00a0\u00bbeyJwYXJhbV90eXBlIjoid29vZG1hcnRfcmVzcG9uc2l2ZV9zcGFjaW5nIiwic2VsZWN0b3JfaWQiOiI2M2ViYTdhYjdhM2Q3Iiwic2hvcnRjb2RlIjoidmNfcm93IiwiZGF0YSI6eyJ0YWJsZXQiOnt9LCJtb2JpbGUiOnt9fX0=\u00a0\u00bb mobile_bg_img_hidden=\u00a0\u00bbno\u00a0\u00bb tablet_bg_img_hidden=\u00a0\u00bbno\u00a0\u00bb woodmart_parallax=\u00a0\u00bb0&Prime; woodmart_gradient_switch=\u00a0\u00bbno\u00a0\u00bb woodmart_box_shadow=\u00a0\u00bbno\u00a0\u00bb wd_z_index=\u00a0\u00bbno\u00a0\u00bb woodmart_disable_overflow=\u00a0\u00bb0&Prime; row_reverse_mobile=\u00a0\u00bb0&Prime; row_reverse_tablet=\u00a0\u00bb0&Prime;][vc_column][vc_separator el_width=\u00a0\u00bb50&Prime; wd_hide_on_desktop=\u00a0\u00bbno\u00a0\u00bb wd_hide_on_tablet=\u00a0\u00bbno\u00a0\u00bb wd_hide_on_mobile=\u00a0\u00bbno\u00a0\u00bb][\/vc_column][\/vc_row]<\/p>\n<\/section>","protected":false},"excerpt":{"rendered":"<p>[vc_row][vc_column width=\u00a0\u00bb1\/2&Prime;][vc_single_image image=\u00a0\u00bb7063&Prime; img_size=\u00a0\u00bb150X150&Prime; alignment=\u00a0\u00bbcenter\u00a0\u00bb parallax_scroll=\u00a0\u00bbno\u00a0\u00bb woodmart_inline=\u00a0\u00bbno\u00a0\u00bb][vc_column_text woodmart_inline=\u00a0\u00bbno\u00a0\u00bb text_larger=\u00a0\u00bbno\u00a0\u00bb] Le diagnostic de performance \u00e9nerg\u00e9tique copropri\u00e9t\u00e9 D\u00e9couvrez Orele ! le premier<\/p>\n","protected":false},"author":1,"featured_media":0,"parent":0,"menu_order":0,"comment_status":"closed","ping_status":"closed","template":"","meta":{"footnotes":""},"class_list":["post-7360","page","type-page","status-publish","hentry"],"yoast_head":"<!-- This site is optimized with the Yoast SEO plugin v21.7 - https:\/\/yoast.com\/wordpress\/plugins\/seo\/ -->\n<title>Le diagnostic de performance \u00e9nerg\u00e9tique copropri\u00e9t\u00e9<\/title>\n<meta name=\"description\" content=\"Le diagnostic de performance \u00e9nerg\u00e9tique copropri\u00e9t\u00e9 - CONSILIAG\" \/>\n<meta name=\"robots\" content=\"index, follow, max-snippet:-1, max-image-preview:large, max-video-preview:-1\" \/>\n<link rel=\"canonical\" href=\"https:\/\/consiliag.fr\/index.php\/le-diagnostic-de-performance-energetique-copropriete\/\" \/>\n<meta property=\"og:locale\" content=\"fr_FR\" \/>\n<meta property=\"og:type\" content=\"article\" \/>\n<meta property=\"og:title\" content=\"Le diagnostic de performance \u00e9nerg\u00e9tique copropri\u00e9t\u00e9\" \/>\n<meta property=\"og:description\" content=\"Le diagnostic de performance \u00e9nerg\u00e9tique copropri\u00e9t\u00e9 - CONSILIAG\" \/>\n<meta property=\"og:url\" content=\"https:\/\/consiliag.fr\/index.php\/le-diagnostic-de-performance-energetique-copropriete\/\" \/>\n<meta property=\"og:site_name\" content=\"CONSILIAG\" \/>\n<meta property=\"article:publisher\" content=\"https:\/\/www.facebook.com\/agencedediagnosticimmobilier\" \/>\n<meta property=\"article:modified_time\" content=\"2024-12-24T06:06:27+00:00\" \/>\n<meta property=\"og:image\" content=\"https:\/\/consiliag.fr\/wp-content\/uploads\/2024\/12\/logo-orele-diagnostics_fd-beige_RVB-400x178.jpg\" \/>\n<meta name=\"twitter:card\" content=\"summary_large_image\" \/>\n<meta name=\"twitter:label1\" content=\"Dur\u00e9e de lecture estim\u00e9e\" \/>\n\t<meta name=\"twitter:data1\" content=\"2 minutes\" \/>\n<script type=\"application\/ld+json\" class=\"yoast-schema-graph\">{\"@context\":\"https:\/\/schema.org\",\"@graph\":[{\"@type\":\"WebPage\",\"@id\":\"https:\/\/consiliag.fr\/index.php\/le-diagnostic-de-performance-energetique-copropriete\/\",\"url\":\"https:\/\/consiliag.fr\/index.php\/le-diagnostic-de-performance-energetique-copropriete\/\",\"name\":\"Le diagnostic de performance \u00e9nerg\u00e9tique copropri\u00e9t\u00e9\",\"isPartOf\":{\"@id\":\"https:\/\/consiliag.fr\/#website\"},\"datePublished\":\"2023-02-23T14:53:03+00:00\",\"dateModified\":\"2024-12-24T06:06:27+00:00\",\"description\":\"Le diagnostic de performance \u00e9nerg\u00e9tique copropri\u00e9t\u00e9 - CONSILIAG\",\"breadcrumb\":{\"@id\":\"https:\/\/consiliag.fr\/index.php\/le-diagnostic-de-performance-energetique-copropriete\/#breadcrumb\"},\"inLanguage\":\"fr-FR\",\"potentialAction\":[{\"@type\":\"ReadAction\",\"target\":[\"https:\/\/consiliag.fr\/index.php\/le-diagnostic-de-performance-energetique-copropriete\/\"]}]},{\"@type\":\"BreadcrumbList\",\"@id\":\"https:\/\/consiliag.fr\/index.php\/le-diagnostic-de-performance-energetique-copropriete\/#breadcrumb\",\"itemListElement\":[{\"@type\":\"ListItem\",\"position\":1,\"name\":\"Accueil\",\"item\":\"https:\/\/consiliag.fr\/\"},{\"@type\":\"ListItem\",\"position\":2,\"name\":\"Le diagnostic de performance \u00e9nerg\u00e9tique copropri\u00e9t\u00e9\"}]},{\"@type\":\"WebSite\",\"@id\":\"https:\/\/consiliag.fr\/#website\",\"url\":\"https:\/\/consiliag.fr\/\",\"name\":\"CONSILIAG\",\"description\":\"Conseils &amp; Diagnostic Immobilier\",\"publisher\":{\"@id\":\"https:\/\/consiliag.fr\/#organization\"},\"alternateName\":\"CONSILIAG\",\"potentialAction\":[{\"@type\":\"SearchAction\",\"target\":{\"@type\":\"EntryPoint\",\"urlTemplate\":\"https:\/\/consiliag.fr\/?s={search_term_string}\"},\"query-input\":\"required name=search_term_string\"}],\"inLanguage\":\"fr-FR\"},{\"@type\":\"Organization\",\"@id\":\"https:\/\/consiliag.fr\/#organization\",\"name\":\"CONSILIAG\",\"url\":\"https:\/\/consiliag.fr\/\",\"logo\":{\"@type\":\"ImageObject\",\"inLanguage\":\"fr-FR\",\"@id\":\"https:\/\/consiliag.fr\/#\/schema\/logo\/image\/\",\"url\":\"https:\/\/consiliag.fr\/wp-content\/uploads\/2023\/02\/logo-consiliag.png\",\"contentUrl\":\"https:\/\/consiliag.fr\/wp-content\/uploads\/2023\/02\/logo-consiliag.png\",\"width\":1096,\"height\":444,\"caption\":\"CONSILIAG\"},\"image\":{\"@id\":\"https:\/\/consiliag.fr\/#\/schema\/logo\/image\/\"},\"sameAs\":[\"https:\/\/www.facebook.com\/agencedediagnosticimmobilier\"]}]}<\/script>\n<!-- \/ Yoast SEO plugin. -->","yoast_head_json":{"title":"Le diagnostic de performance \u00e9nerg\u00e9tique copropri\u00e9t\u00e9","description":"Le diagnostic de performance \u00e9nerg\u00e9tique copropri\u00e9t\u00e9 - CONSILIAG","robots":{"index":"index","follow":"follow","max-snippet":"max-snippet:-1","max-image-preview":"max-image-preview:large","max-video-preview":"max-video-preview:-1"},"canonical":"https:\/\/consiliag.fr\/index.php\/le-diagnostic-de-performance-energetique-copropriete\/","og_locale":"fr_FR","og_type":"article","og_title":"Le diagnostic de performance \u00e9nerg\u00e9tique copropri\u00e9t\u00e9","og_description":"Le diagnostic de performance \u00e9nerg\u00e9tique copropri\u00e9t\u00e9 - CONSILIAG","og_url":"https:\/\/consiliag.fr\/index.php\/le-diagnostic-de-performance-energetique-copropriete\/","og_site_name":"CONSILIAG","article_publisher":"https:\/\/www.facebook.com\/agencedediagnosticimmobilier","article_modified_time":"2024-12-24T06:06:27+00:00","og_image":[{"url":"https:\/\/consiliag.fr\/wp-content\/uploads\/2024\/12\/logo-orele-diagnostics_fd-beige_RVB-400x178.jpg"}],"twitter_card":"summary_large_image","twitter_misc":{"Dur\u00e9e de lecture estim\u00e9e":"2 minutes"},"schema":{"@context":"https:\/\/schema.org","@graph":[{"@type":"WebPage","@id":"https:\/\/consiliag.fr\/index.php\/le-diagnostic-de-performance-energetique-copropriete\/","url":"https:\/\/consiliag.fr\/index.php\/le-diagnostic-de-performance-energetique-copropriete\/","name":"Le diagnostic de performance \u00e9nerg\u00e9tique copropri\u00e9t\u00e9","isPartOf":{"@id":"https:\/\/consiliag.fr\/#website"},"datePublished":"2023-02-23T14:53:03+00:00","dateModified":"2024-12-24T06:06:27+00:00","description":"Le diagnostic de performance \u00e9nerg\u00e9tique copropri\u00e9t\u00e9 - CONSILIAG","breadcrumb":{"@id":"https:\/\/consiliag.fr\/index.php\/le-diagnostic-de-performance-energetique-copropriete\/#breadcrumb"},"inLanguage":"fr-FR","potentialAction":[{"@type":"ReadAction","target":["https:\/\/consiliag.fr\/index.php\/le-diagnostic-de-performance-energetique-copropriete\/"]}]},{"@type":"BreadcrumbList","@id":"https:\/\/consiliag.fr\/index.php\/le-diagnostic-de-performance-energetique-copropriete\/#breadcrumb","itemListElement":[{"@type":"ListItem","position":1,"name":"Accueil","item":"https:\/\/consiliag.fr\/"},{"@type":"ListItem","position":2,"name":"Le diagnostic de performance \u00e9nerg\u00e9tique copropri\u00e9t\u00e9"}]},{"@type":"WebSite","@id":"https:\/\/consiliag.fr\/#website","url":"https:\/\/consiliag.fr\/","name":"CONSILIAG","description":"Conseils &amp; Diagnostic Immobilier","publisher":{"@id":"https:\/\/consiliag.fr\/#organization"},"alternateName":"CONSILIAG","potentialAction":[{"@type":"SearchAction","target":{"@type":"EntryPoint","urlTemplate":"https:\/\/consiliag.fr\/?s={search_term_string}"},"query-input":"required name=search_term_string"}],"inLanguage":"fr-FR"},{"@type":"Organization","@id":"https:\/\/consiliag.fr\/#organization","name":"CONSILIAG","url":"https:\/\/consiliag.fr\/","logo":{"@type":"ImageObject","inLanguage":"fr-FR","@id":"https:\/\/consiliag.fr\/#\/schema\/logo\/image\/","url":"https:\/\/consiliag.fr\/wp-content\/uploads\/2023\/02\/logo-consiliag.png","contentUrl":"https:\/\/consiliag.fr\/wp-content\/uploads\/2023\/02\/logo-consiliag.png","width":1096,"height":444,"caption":"CONSILIAG"},"image":{"@id":"https:\/\/consiliag.fr\/#\/schema\/logo\/image\/"},"sameAs":["https:\/\/www.facebook.com\/agencedediagnosticimmobilier"]}]}},"jetpack_sharing_enabled":true,"_links":{"self":[{"href":"https:\/\/consiliag.fr\/index.php\/wp-json\/wp\/v2\/pages\/7360","targetHints":{"allow":["GET"]}}],"collection":[{"href":"https:\/\/consiliag.fr\/index.php\/wp-json\/wp\/v2\/pages"}],"about":[{"href":"https:\/\/consiliag.fr\/index.php\/wp-json\/wp\/v2\/types\/page"}],"author":[{"embeddable":true,"href":"https:\/\/consiliag.fr\/index.php\/wp-json\/wp\/v2\/users\/1"}],"replies":[{"embeddable":true,"href":"https:\/\/consiliag.fr\/index.php\/wp-json\/wp\/v2\/comments?post=7360"}],"version-history":[{"count":10,"href":"https:\/\/consiliag.fr\/index.php\/wp-json\/wp\/v2\/pages\/7360\/revisions"}],"predecessor-version":[{"id":7571,"href":"https:\/\/consiliag.fr\/index.php\/wp-json\/wp\/v2\/pages\/7360\/revisions\/7571"}],"wp:attachment":[{"href":"https:\/\/consiliag.fr\/index.php\/wp-json\/wp\/v2\/media?parent=7360"}],"curies":[{"name":"wp","href":"https:\/\/api.w.org\/{rel}","templated":true}]}}